{"id":988014,"date":"2023-01-09T17:10:09","date_gmt":"2023-01-09T22:10:09","guid":{"rendered":"https:\/\/koalaplace.ca.s225752.gridserver.com\/?page_id=988014"},"modified":"2023-02-14T16:17:28","modified_gmt":"2023-02-14T21:17:28","slug":"wish-list","status":"publish","type":"page","link":"https:\/\/koalaplace.ca\/fr\/wish-list\/","title":{"rendered":"Liste de souhaits"},"content":{"rendered":"<div data-elementor-type=\"wp-page\" data-elementor-id=\"988014\" class=\"elementor elementor-988014\" data-elementor-post-type=\"page\">\n\t\t\t\t\t\t<section class=\"elementor-section elementor-top-section elementor-element elementor-element-3aeedaf2 elementor-section-content-bottom elementor-section-height-min-height elementor-section-items-stretch elementor-section-boxed elementor-section-height-default\" data-id=\"3aeedaf2\" data-element_type=\"section\" data-settings=\"{&quot;background_background&quot;:&quot;classic&quot;,&quot;animation&quot;:&quot;none&quot;,&quot;shape_divider_bottom&quot;:&quot;vamtam-waves&quot;,&quot;shape_divider_top&quot;:&quot;vamtam-waves&quot;}\">\n\t\t\t\t\t<div class=\"elementor-shape elementor-shape-top\" data-negative=\"false\">\n\t\t\t<svg preserveaspectratio=\"xMidYMin slice\" viewbox=\"0 0 1056 4\" xmlns=\"http:\/\/www.w3.org\/2000\/svg\">\n<path class=\"elementor-shape-fill\" d=\"M1035.025 1.916c-.721-.81-1.865-1.275-2.954-1.275a3.807 3.807 0 0 0-2.846 1.275C1027.889 3.249 1025.893 4 1024 4c-1.896.008-3.642-.745-4.975-2.084-.721-.81-1.865-1.275-2.954-1.275a3.807 3.807 0 0 0-2.846 1.275C1011.889 3.249 1009.893 4 1008 4c-1.896.008-3.642-.745-4.975-2.084-.721-.81-1.865-1.275-2.954-1.275a3.807 3.807 0 0 0-2.846 1.275C995.889 3.249 993.893 4 992 4c-1.896.008-3.642-.745-4.975-2.084-.721-.81-1.865-1.275-2.954-1.275a3.807 3.807 0 0 0-2.846 1.275C979.889 3.249 977.893 4 976 4c-1.896.008-3.642-.745-4.975-2.084-.721-.81-1.865-1.275-2.954-1.275a3.807 3.807 0 0 0-2.846 1.275C963.889 3.249 961.893 4 960 4c-1.896.008-3.642-.745-4.975-2.084-.721-.81-1.865-1.275-2.954-1.275a3.807 3.807 0 0 0-2.846 1.275C947.889 3.249 945.893 4 944 4c-1.896.008-3.642-.745-4.975-2.084-.721-.81-1.865-1.275-2.954-1.275a3.807 3.807 0 0 0-2.846 1.275C931.889 3.249 929.893 4 928 4c-1.896.008-3.642-.745-4.975-2.084-.721-.81-1.865-1.275-2.954-1.275a3.807 3.807 0 0 0-2.846 1.275C915.889 3.249 913.893 4 912 4c-1.896.008-3.642-.745-4.975-2.084-.721-.81-1.865-1.275-2.954-1.275a3.807 3.807 0 0 0-2.846 1.275C899.889 3.249 897.893 4 896 4c-1.896.008-3.642-.745-4.975-2.084-.721-.81-1.865-1.275-2.954-1.275a3.807 3.807 0 0 0-2.846 1.275C883.889 3.249 881.893 4 880 4c-1.896.008-3.642-.745-4.975-2.084-.721-.81-1.865-1.275-2.954-1.275a3.807 3.807 0 0 0-2.846 1.275C867.889 3.249 865.893 4 864 4c-1.896.008-3.642-.745-4.975-2.084-.721-.81-1.865-1.275-2.954-1.275a3.807 3.807 0 0 0-2.846 1.275C851.889 3.249 849.893 4 848 4c-1.896.008-3.642-.745-4.975-2.084-.721-.81-1.865-1.275-2.954-1.275a3.807 3.807 0 0 0-2.846 1.275C835.889 3.249 833.893 4 832 4c-1.896.008-3.642-.745-4.975-2.084-.721-.81-1.865-1.275-2.954-1.275a3.807 3.807 0 0 0-2.846 1.275C819.889 3.249 817.893 4 816 4c-1.896.008-3.642-.745-4.975-2.084-.721-.81-1.865-1.275-2.954-1.275a3.807 3.807 0 0 0-2.846 1.275C803.889 3.249 801.893 4 800 4c-1.896.008-3.642-.745-4.975-2.084-.721-.81-1.865-1.275-2.954-1.275a3.807 3.807 0 0 0-2.846 1.275C787.889 3.249 785.893 4 784 4c-1.896.008-3.642-.745-4.975-2.084-.721-.81-1.865-1.275-2.954-1.275a3.807 3.807 0 0 0-2.846 1.275C771.889 3.249 769.893 4 768 4c-1.896.008-3.642-.745-4.975-2.084-.721-.81-1.865-1.275-2.954-1.275a3.807 3.807 0 0 0-2.846 1.275C755.889 3.249 753.893 4 752 4c-1.896.008-3.642-.745-4.975-2.084-.721-.81-1.865-1.275-2.954-1.275a3.807 3.807 0 0 0-2.846 1.275C739.889 3.249 737.893 4 736 4c-1.896.008-3.642-.745-4.975-2.084-.721-.81-1.865-1.275-2.954-1.275a3.807 3.807 0 0 0-2.846 1.275C723.889 3.249 721.893 4 720 4c-1.896.008-3.642-.745-4.975-2.084-.721-.81-1.865-1.275-2.954-1.275a3.807 3.807 0 0 0-2.846 1.275C707.889 3.249 705.893 4 704 4c-1.896.008-3.642-.745-4.975-2.084-.721-.81-1.865-1.275-2.954-1.275a3.807 3.807 0 0 0-2.846 1.275C691.889 3.249 689.893 4 688 4c-1.896.008-3.642-.745-4.975-2.084-.721-.81-1.865-1.275-2.954-1.275a3.807 3.807 0 0 0-2.846 1.275C675.889 3.249 673.893 4 672 4c-1.896.008-3.642-.745-4.975-2.084-.721-.81-1.865-1.275-2.954-1.275a3.807 3.807 0 0 0-2.846 1.275C659.889 3.249 657.893 4 656 4c-1.896.008-3.642-.745-4.975-2.084-.721-.81-1.865-1.275-2.954-1.275a3.807 3.807 0 0 0-2.846 1.275C643.889 3.249 641.893 4 640 4c-1.896.008-3.642-.745-4.975-2.084-.721-.81-1.865-1.275-2.954-1.275a3.807 3.807 0 0 0-2.846 1.275C627.889 3.249 625.893 4 624 4c-1.896.008-3.642-.745-4.975-2.084-.721-.81-1.865-1.275-2.954-1.275a3.807 3.807 0 0 0-2.846 1.275C611.889 3.249 609.893 4 608 4c-1.896.008-3.642-.745-4.975-2.084-.721-.81-1.865-1.275-2.954-1.275a3.807 3.807 0 0 0-2.846 1.275C595.889 3.249 593.893 4 592 4c-1.896.008-3.642-.745-4.975-2.084-.721-.81-1.865-1.275-2.954-1.275a3.807 3.807 0 0 0-2.846 1.275C579.889 3.249 577.893 4 576 4c-1.896.008-3.642-.745-4.975-2.084-.721-.81-1.865-1.275-2.954-1.275a3.807 3.807 0 0 0-2.846 1.275C563.889 3.249 561.893 4 560 4c-1.896.008-3.642-.745-4.975-2.084-.721-.81-1.865-1.275-2.954-1.275a3.807 3.807 0 0 0-2.846 1.275C547.889 3.249 545.893 4 544 4c-1.896.008-3.642-.745-4.975-2.084-.721-.81-1.865-1.275-2.954-1.275a3.807 3.807 0 0 0-2.846 1.275C531.889 3.249 529.893 4 528 4c-1.896.008-3.642-.745-4.975-2.084-.721-.81-1.865-1.275-2.954-1.275a3.807 3.807 0 0 0-2.846 1.275C515.889 3.249 513.893 4 512 4c-1.896.008-3.642-.745-4.975-2.084-.721-.81-1.865-1.275-2.954-1.275a3.807 3.807 0 0 0-2.846 1.275C499.889 3.249 497.893 4 496 4c-1.896.008-3.642-.745-4.975-2.084-.721-.81-1.865-1.275-2.954-1.275a3.807 3.807 0 0 0-2.846 1.275C483.889 3.249 481.893 4 480 4c-1.896.008-3.642-.745-4.975-2.084-.721-.81-1.865-1.275-2.954-1.275a3.807 3.807 0 0 0-2.846 1.275C467.889 3.249 465.893 4 464 4c-1.896.008-3.642-.745-4.975-2.084-.721-.81-1.865-1.275-2.954-1.275a3.807 3.807 0 0 0-2.846 1.275C451.889 3.249 449.893 4 448 4c-1.896.008-3.642-.745-4.975-2.084-.721-.81-1.865-1.275-2.954-1.275a3.807 3.807 0 0 0-2.846 1.275C435.889 3.249 433.893 4 432 4c-1.896.008-3.642-.745-4.975-2.084-.721-.81-1.865-1.275-2.954-1.275a3.807 3.807 0 0 0-2.846 1.275C419.889 3.249 417.893 4 416 4c-1.896.008-3.642-.745-4.975-2.084-.721-.81-1.865-1.275-2.954-1.275a3.807 3.807 0 0 0-2.846 1.275C403.889 3.249 401.893 4 400 4c-1.896.008-3.642-.745-4.975-2.084-.721-.81-1.865-1.275-2.954-1.275a3.807 3.807 0 0 0-2.846 1.275C387.889 3.249 385.893 4 384 4c-1.896.008-3.642-.745-4.975-2.084-.721-.81-1.865-1.275-2.954-1.275a3.807 3.807 0 0 0-2.846 1.275C371.889 3.249 369.893 4 368 4c-1.896.008-3.642-.745-4.975-2.084-.721-.81-1.865-1.275-2.954-1.275a3.807 3.807 0 0 0-2.846 1.275C355.889 3.249 353.893 4 352 4c-1.896.008-3.642-.745-4.975-2.084-.721-.81-1.865-1.275-2.954-1.275a3.807 3.807 0 0 0-2.846 1.275C339.889 3.249 337.893 4 336 4c-1.896.008-3.642-.745-4.975-2.084-.721-.81-1.865-1.275-2.954-1.275a3.807 3.807 0 0 0-2.846 1.275C323.889 3.249 321.893 4 320 4c-1.896.008-3.642-.745-4.975-2.084-.721-.81-1.865-1.275-2.954-1.275a3.807 3.807 0 0 0-2.846 1.275C307.889 3.249 305.893 4 304 4c-1.896.008-3.642-.745-4.975-2.084-.721-.81-1.865-1.275-2.954-1.275a3.807 3.807 0 0 0-2.846 1.275C291.889 3.249 289.893 4 288 4c-1.896.008-3.642-.745-4.975-2.084-.721-.81-1.865-1.275-2.954-1.275a3.807 3.807 0 0 0-2.846 1.275C275.889 3.249 273.893 4 272 4c-1.896.008-3.642-.745-4.975-2.084-.721-.81-1.865-1.275-2.954-1.275a3.807 3.807 0 0 0-2.846 1.275C259.889 3.249 257.893 4 256 4c-1.896.008-3.642-.745-4.975-2.084-.721-.81-1.865-1.275-2.954-1.275a3.807 3.807 0 0 0-2.846 1.275C243.889 3.249 241.893 4 240 4c-1.896.008-3.642-.745-4.975-2.084-.721-.81-1.865-1.275-2.954-1.275a3.807 3.807 0 0 0-2.846 1.275C227.889 3.249 225.893 4 224 4c-1.896.008-3.642-.745-4.975-2.084-.721-.81-1.865-1.275-2.954-1.275a3.807 3.807 0 0 0-2.846 1.275C211.889 3.249 209.893 4 208 4c-1.896.008-3.642-.745-4.975-2.084-.721-.81-1.865-1.275-2.954-1.275a3.807 3.807 0 0 0-2.846 1.275C195.889 3.249 193.893 4 192 4c-1.896.008-3.642-.745-4.975-2.084-.721-.81-1.865-1.275-2.954-1.275a3.807 3.807 0 0 0-2.846 1.275C179.889 3.249 177.893 4 176 4c-1.896.008-3.642-.745-4.975-2.084-.721-.81-1.865-1.275-2.954-1.275a3.807 3.807 0 0 0-2.846 1.275C163.889 3.249 161.893 4 160 4c-1.896.008-3.642-.745-4.975-2.084-.721-.81-1.865-1.275-2.954-1.275a3.807 3.807 0 0 0-2.846 1.275C147.889 3.249 145.893 4 144 4c-1.896.008-3.642-.745-4.975-2.084-.721-.81-1.865-1.275-2.954-1.275a3.807 3.807 0 0 0-2.846 1.275C131.889 3.249 129.893 4 128 4c-1.896.008-3.642-.745-4.975-2.084-.721-.81-1.865-1.275-2.954-1.275a3.807 3.807 0 0 0-2.846 1.275C115.889 3.249 113.893 4 112 4c-1.896.008-3.642-.745-4.975-2.084-.721-.81-1.865-1.275-2.954-1.275a3.807 3.807 0 0 0-2.846 1.275C99.889 3.249 97.893 4 96 4c-1.896.008-3.642-.745-4.975-2.084C90.304 1.106 89.16.64 88.07.64a3.807 3.807 0 0 0-2.846 1.275C83.889 3.249 81.893 4 80 4c-1.896.008-3.642-.745-4.975-2.084C74.304 1.106 73.16.64 72.07.64a3.807 3.807 0 0 0-2.846 1.275C67.889 3.249 65.893 4 64 4c-1.896.008-3.642-.745-4.975-2.084C58.304 1.106 57.16.64 56.07.64a3.807 3.807 0 0 0-2.846 1.275C51.889 3.249 49.893 4 48 4c-1.896.008-3.642-.745-4.975-2.084C42.304 1.106 41.16.64 40.07.64a3.807 3.807 0 0 0-2.846 1.275C35.889 3.249 33.893 4 32 4c-1.896.008-3.642-.745-4.975-2.084C26.304 1.106 25.16.64 24.07.64a3.807 3.807 0 0 0-2.846 1.275C19.889 3.249 17.893 4 16 4c-1.896.008-3.642-.745-4.975-2.084C10.304 1.106 9.16.64 8.07.64a3.807 3.807 0 0 0-2.846 1.275C3.889 3.249 1.893 4 0 4V0h1056v4c-1.896.008-3.642-.745-4.975-2.084-.721-.81-1.865-1.275-2.954-1.275a3.807 3.807 0 0 0-2.846 1.275C1043.889 3.249 1041.893 4 1040 4c-1.896.008-3.642-.745-4.975-2.084z\"\/>\n<\/svg>\n\t\t<\/div>\n\t\t\t\t<div class=\"elementor-shape elementor-shape-bottom\" data-negative=\"false\">\n\t\t\t<svg preserveaspectratio=\"xMidYMin slice\" viewbox=\"0 0 1056 4\" xmlns=\"http:\/\/www.w3.org\/2000\/svg\">\n<path class=\"elementor-shape-fill\" d=\"M1035.025 1.916c-.721-.81-1.865-1.275-2.954-1.275a3.807 3.807 0 0 0-2.846 1.275C1027.889 3.249 1025.893 4 1024 4c-1.896.008-3.642-.745-4.975-2.084-.721-.81-1.865-1.275-2.954-1.275a3.807 3.807 0 0 0-2.846 1.275C1011.889 3.249 1009.893 4 1008 4c-1.896.008-3.642-.745-4.975-2.084-.721-.81-1.865-1.275-2.954-1.275a3.807 3.807 0 0 0-2.846 1.275C995.889 3.249 993.893 4 992 4c-1.896.008-3.642-.745-4.975-2.084-.721-.81-1.865-1.275-2.954-1.275a3.807 3.807 0 0 0-2.846 1.275C979.889 3.249 977.893 4 976 4c-1.896.008-3.642-.745-4.975-2.084-.721-.81-1.865-1.275-2.954-1.275a3.807 3.807 0 0 0-2.846 1.275C963.889 3.249 961.893 4 960 4c-1.896.008-3.642-.745-4.975-2.084-.721-.81-1.865-1.275-2.954-1.275a3.807 3.807 0 0 0-2.846 1.275C947.889 3.249 945.893 4 944 4c-1.896.008-3.642-.745-4.975-2.084-.721-.81-1.865-1.275-2.954-1.275a3.807 3.807 0 0 0-2.846 1.275C931.889 3.249 929.893 4 928 4c-1.896.008-3.642-.745-4.975-2.084-.721-.81-1.865-1.275-2.954-1.275a3.807 3.807 0 0 0-2.846 1.275C915.889 3.249 913.893 4 912 4c-1.896.008-3.642-.745-4.975-2.084-.721-.81-1.865-1.275-2.954-1.275a3.807 3.807 0 0 0-2.846 1.275C899.889 3.249 897.893 4 896 4c-1.896.008-3.642-.745-4.975-2.084-.721-.81-1.865-1.275-2.954-1.275a3.807 3.807 0 0 0-2.846 1.275C883.889 3.249 881.893 4 880 4c-1.896.008-3.642-.745-4.975-2.084-.721-.81-1.865-1.275-2.954-1.275a3.807 3.807 0 0 0-2.846 1.275C867.889 3.249 865.893 4 864 4c-1.896.008-3.642-.745-4.975-2.084-.721-.81-1.865-1.275-2.954-1.275a3.807 3.807 0 0 0-2.846 1.275C851.889 3.249 849.893 4 848 4c-1.896.008-3.642-.745-4.975-2.084-.721-.81-1.865-1.275-2.954-1.275a3.807 3.807 0 0 0-2.846 1.275C835.889 3.249 833.893 4 832 4c-1.896.008-3.642-.745-4.975-2.084-.721-.81-1.865-1.275-2.954-1.275a3.807 3.807 0 0 0-2.846 1.275C819.889 3.249 817.893 4 816 4c-1.896.008-3.642-.745-4.975-2.084-.721-.81-1.865-1.275-2.954-1.275a3.807 3.807 0 0 0-2.846 1.275C803.889 3.249 801.893 4 800 4c-1.896.008-3.642-.745-4.975-2.084-.721-.81-1.865-1.275-2.954-1.275a3.807 3.807 0 0 0-2.846 1.275C787.889 3.249 785.893 4 784 4c-1.896.008-3.642-.745-4.975-2.084-.721-.81-1.865-1.275-2.954-1.275a3.807 3.807 0 0 0-2.846 1.275C771.889 3.249 769.893 4 768 4c-1.896.008-3.642-.745-4.975-2.084-.721-.81-1.865-1.275-2.954-1.275a3.807 3.807 0 0 0-2.846 1.275C755.889 3.249 753.893 4 752 4c-1.896.008-3.642-.745-4.975-2.084-.721-.81-1.865-1.275-2.954-1.275a3.807 3.807 0 0 0-2.846 1.275C739.889 3.249 737.893 4 736 4c-1.896.008-3.642-.745-4.975-2.084-.721-.81-1.865-1.275-2.954-1.275a3.807 3.807 0 0 0-2.846 1.275C723.889 3.249 721.893 4 720 4c-1.896.008-3.642-.745-4.975-2.084-.721-.81-1.865-1.275-2.954-1.275a3.807 3.807 0 0 0-2.846 1.275C707.889 3.249 705.893 4 704 4c-1.896.008-3.642-.745-4.975-2.084-.721-.81-1.865-1.275-2.954-1.275a3.807 3.807 0 0 0-2.846 1.275C691.889 3.249 689.893 4 688 4c-1.896.008-3.642-.745-4.975-2.084-.721-.81-1.865-1.275-2.954-1.275a3.807 3.807 0 0 0-2.846 1.275C675.889 3.249 673.893 4 672 4c-1.896.008-3.642-.745-4.975-2.084-.721-.81-1.865-1.275-2.954-1.275a3.807 3.807 0 0 0-2.846 1.275C659.889 3.249 657.893 4 656 4c-1.896.008-3.642-.745-4.975-2.084-.721-.81-1.865-1.275-2.954-1.275a3.807 3.807 0 0 0-2.846 1.275C643.889 3.249 641.893 4 640 4c-1.896.008-3.642-.745-4.975-2.084-.721-.81-1.865-1.275-2.954-1.275a3.807 3.807 0 0 0-2.846 1.275C627.889 3.249 625.893 4 624 4c-1.896.008-3.642-.745-4.975-2.084-.721-.81-1.865-1.275-2.954-1.275a3.807 3.807 0 0 0-2.846 1.275C611.889 3.249 609.893 4 608 4c-1.896.008-3.642-.745-4.975-2.084-.721-.81-1.865-1.275-2.954-1.275a3.807 3.807 0 0 0-2.846 1.275C595.889 3.249 593.893 4 592 4c-1.896.008-3.642-.745-4.975-2.084-.721-.81-1.865-1.275-2.954-1.275a3.807 3.807 0 0 0-2.846 1.275C579.889 3.249 577.893 4 576 4c-1.896.008-3.642-.745-4.975-2.084-.721-.81-1.865-1.275-2.954-1.275a3.807 3.807 0 0 0-2.846 1.275C563.889 3.249 561.893 4 560 4c-1.896.008-3.642-.745-4.975-2.084-.721-.81-1.865-1.275-2.954-1.275a3.807 3.807 0 0 0-2.846 1.275C547.889 3.249 545.893 4 544 4c-1.896.008-3.642-.745-4.975-2.084-.721-.81-1.865-1.275-2.954-1.275a3.807 3.807 0 0 0-2.846 1.275C531.889 3.249 529.893 4 528 4c-1.896.008-3.642-.745-4.975-2.084-.721-.81-1.865-1.275-2.954-1.275a3.807 3.807 0 0 0-2.846 1.275C515.889 3.249 513.893 4 512 4c-1.896.008-3.642-.745-4.975-2.084-.721-.81-1.865-1.275-2.954-1.275a3.807 3.807 0 0 0-2.846 1.275C499.889 3.249 497.893 4 496 4c-1.896.008-3.642-.745-4.975-2.084-.721-.81-1.865-1.275-2.954-1.275a3.807 3.807 0 0 0-2.846 1.275C483.889 3.249 481.893 4 480 4c-1.896.008-3.642-.745-4.975-2.084-.721-.81-1.865-1.275-2.954-1.275a3.807 3.807 0 0 0-2.846 1.275C467.889 3.249 465.893 4 464 4c-1.896.008-3.642-.745-4.975-2.084-.721-.81-1.865-1.275-2.954-1.275a3.807 3.807 0 0 0-2.846 1.275C451.889 3.249 449.893 4 448 4c-1.896.008-3.642-.745-4.975-2.084-.721-.81-1.865-1.275-2.954-1.275a3.807 3.807 0 0 0-2.846 1.275C435.889 3.249 433.893 4 432 4c-1.896.008-3.642-.745-4.975-2.084-.721-.81-1.865-1.275-2.954-1.275a3.807 3.807 0 0 0-2.846 1.275C419.889 3.249 417.893 4 416 4c-1.896.008-3.642-.745-4.975-2.084-.721-.81-1.865-1.275-2.954-1.275a3.807 3.807 0 0 0-2.846 1.275C403.889 3.249 401.893 4 400 4c-1.896.008-3.642-.745-4.975-2.084-.721-.81-1.865-1.275-2.954-1.275a3.807 3.807 0 0 0-2.846 1.275C387.889 3.249 385.893 4 384 4c-1.896.008-3.642-.745-4.975-2.084-.721-.81-1.865-1.275-2.954-1.275a3.807 3.807 0 0 0-2.846 1.275C371.889 3.249 369.893 4 368 4c-1.896.008-3.642-.745-4.975-2.084-.721-.81-1.865-1.275-2.954-1.275a3.807 3.807 0 0 0-2.846 1.275C355.889 3.249 353.893 4 352 4c-1.896.008-3.642-.745-4.975-2.084-.721-.81-1.865-1.275-2.954-1.275a3.807 3.807 0 0 0-2.846 1.275C339.889 3.249 337.893 4 336 4c-1.896.008-3.642-.745-4.975-2.084-.721-.81-1.865-1.275-2.954-1.275a3.807 3.807 0 0 0-2.846 1.275C323.889 3.249 321.893 4 320 4c-1.896.008-3.642-.745-4.975-2.084-.721-.81-1.865-1.275-2.954-1.275a3.807 3.807 0 0 0-2.846 1.275C307.889 3.249 305.893 4 304 4c-1.896.008-3.642-.745-4.975-2.084-.721-.81-1.865-1.275-2.954-1.275a3.807 3.807 0 0 0-2.846 1.275C291.889 3.249 289.893 4 288 4c-1.896.008-3.642-.745-4.975-2.084-.721-.81-1.865-1.275-2.954-1.275a3.807 3.807 0 0 0-2.846 1.275C275.889 3.249 273.893 4 272 4c-1.896.008-3.642-.745-4.975-2.084-.721-.81-1.865-1.275-2.954-1.275a3.807 3.807 0 0 0-2.846 1.275C259.889 3.249 257.893 4 256 4c-1.896.008-3.642-.745-4.975-2.084-.721-.81-1.865-1.275-2.954-1.275a3.807 3.807 0 0 0-2.846 1.275C243.889 3.249 241.893 4 240 4c-1.896.008-3.642-.745-4.975-2.084-.721-.81-1.865-1.275-2.954-1.275a3.807 3.807 0 0 0-2.846 1.275C227.889 3.249 225.893 4 224 4c-1.896.008-3.642-.745-4.975-2.084-.721-.81-1.865-1.275-2.954-1.275a3.807 3.807 0 0 0-2.846 1.275C211.889 3.249 209.893 4 208 4c-1.896.008-3.642-.745-4.975-2.084-.721-.81-1.865-1.275-2.954-1.275a3.807 3.807 0 0 0-2.846 1.275C195.889 3.249 193.893 4 192 4c-1.896.008-3.642-.745-4.975-2.084-.721-.81-1.865-1.275-2.954-1.275a3.807 3.807 0 0 0-2.846 1.275C179.889 3.249 177.893 4 176 4c-1.896.008-3.642-.745-4.975-2.084-.721-.81-1.865-1.275-2.954-1.275a3.807 3.807 0 0 0-2.846 1.275C163.889 3.249 161.893 4 160 4c-1.896.008-3.642-.745-4.975-2.084-.721-.81-1.865-1.275-2.954-1.275a3.807 3.807 0 0 0-2.846 1.275C147.889 3.249 145.893 4 144 4c-1.896.008-3.642-.745-4.975-2.084-.721-.81-1.865-1.275-2.954-1.275a3.807 3.807 0 0 0-2.846 1.275C131.889 3.249 129.893 4 128 4c-1.896.008-3.642-.745-4.975-2.084-.721-.81-1.865-1.275-2.954-1.275a3.807 3.807 0 0 0-2.846 1.275C115.889 3.249 113.893 4 112 4c-1.896.008-3.642-.745-4.975-2.084-.721-.81-1.865-1.275-2.954-1.275a3.807 3.807 0 0 0-2.846 1.275C99.889 3.249 97.893 4 96 4c-1.896.008-3.642-.745-4.975-2.084C90.304 1.106 89.16.64 88.07.64a3.807 3.807 0 0 0-2.846 1.275C83.889 3.249 81.893 4 80 4c-1.896.008-3.642-.745-4.975-2.084C74.304 1.106 73.16.64 72.07.64a3.807 3.807 0 0 0-2.846 1.275C67.889 3.249 65.893 4 64 4c-1.896.008-3.642-.745-4.975-2.084C58.304 1.106 57.16.64 56.07.64a3.807 3.807 0 0 0-2.846 1.275C51.889 3.249 49.893 4 48 4c-1.896.008-3.642-.745-4.975-2.084C42.304 1.106 41.16.64 40.07.64a3.807 3.807 0 0 0-2.846 1.275C35.889 3.249 33.893 4 32 4c-1.896.008-3.642-.745-4.975-2.084C26.304 1.106 25.16.64 24.07.64a3.807 3.807 0 0 0-2.846 1.275C19.889 3.249 17.893 4 16 4c-1.896.008-3.642-.745-4.975-2.084C10.304 1.106 9.16.64 8.07.64a3.807 3.807 0 0 0-2.846 1.275C3.889 3.249 1.893 4 0 4V0h1056v4c-1.896.008-3.642-.745-4.975-2.084-.721-.81-1.865-1.275-2.954-1.275a3.807 3.807 0 0 0-2.846 1.275C1043.889 3.249 1041.893 4 1040 4c-1.896.008-3.642-.745-4.975-2.084z\"\/>\n<\/svg>\n\t\t<\/div>\n\t\t\t\t\t<div class=\"elementor-container elementor-column-gap-default\">\n\t\t\t\t\t<div class=\"elementor-column elementor-col-50 elementor-top-column elementor-element elementor-element-726decd8\" data-id=\"726decd8\" data-element_type=\"column\">\n\t\t\t<div class=\"elementor-widget-wrap elementor-element-populated\">\n\t\t\t\t\t\t\t<\/div>\n\t\t<\/div>\n\t\t\t\t<div class=\"elementor-column elementor-col-50 elementor-top-column elementor-element elementor-element-18b6edcb elementor-hidden-phone\" data-id=\"18b6edcb\" data-element_type=\"column\">\n\t\t\t<div class=\"elementor-widget-wrap elementor-element-populated\">\n\t\t\t\t\t\t<div class=\"elementor-element elementor-element-1099f46 elementor-invisible elementor-widget elementor-widget-image\" data-id=\"1099f46\" data-element_type=\"widget\" data-settings=\"{&quot;_animation&quot;:&quot;bounceInUp&quot;,&quot;motion_fx_scale_effect&quot;:&quot;yes&quot;,&quot;motion_fx_scale_direction&quot;:&quot;in-out&quot;,&quot;motion_fx_scale_range&quot;:{&quot;unit&quot;:&quot;%&quot;,&quot;size&quot;:&quot;&quot;,&quot;sizes&quot;:{&quot;start&quot;:50,&quot;end&quot;:100}},&quot;motion_fx_motion_fx_scrolling&quot;:&quot;yes&quot;,&quot;motion_fx_scale_speed&quot;:{&quot;unit&quot;:&quot;px&quot;,&quot;size&quot;:6,&quot;sizes&quot;:[]},&quot;motion_fx_devices&quot;:[&quot;desktop&quot;]}\" data-widget_type=\"image.default\">\n\t\t\t\t<div class=\"elementor-widget-container\">\n\t\t\t\t\t\t\t\t\t\t\t\t\t<img decoding=\"async\" width=\"157\" height=\"145\" src=\"https:\/\/koalaplace.ca\/wp-content\/uploads\/2022\/11\/koala-color-1.svg\" class=\"attachment-large size-large wp-image-987737\" alt=\"\" \/>\t\t\t\t\t\t\t\t\t\t\t\t\t<\/div>\n\t\t\t\t<\/div>\n\t\t\t\t\t<\/div>\n\t\t<\/div>\n\t\t\t\t\t<\/div>\n\t\t<\/section>\n\t\t\t\t<section class=\"elementor-section elementor-top-section elementor-element elementor-element-d5bc0a3 elementor-reverse-mobile elementor-section-boxed elementor-section-height-default elementor-section-height-default\" data-id=\"d5bc0a3\" data-element_type=\"section\" data-settings=\"{&quot;background_background&quot;:&quot;classic&quot;,&quot;background_motion_fx_motion_fx_scrolling&quot;:&quot;yes&quot;,&quot;background_motion_fx_scale_effect&quot;:&quot;yes&quot;,&quot;background_motion_fx_scale_direction&quot;:&quot;in-out&quot;,&quot;background_motion_fx_scale_range&quot;:{&quot;unit&quot;:&quot;%&quot;,&quot;size&quot;:&quot;&quot;,&quot;sizes&quot;:{&quot;start&quot;:0,&quot;end&quot;:40}},&quot;background_motion_fx_scale_speed&quot;:{&quot;unit&quot;:&quot;px&quot;,&quot;size&quot;:4,&quot;sizes&quot;:[]},&quot;background_motion_fx_devices&quot;:[&quot;desktop&quot;,&quot;tablet&quot;,&quot;mobile&quot;]}\">\n\t\t\t\t\t\t<div class=\"elementor-container elementor-column-gap-default\">\n\t\t\t\t\t<div class=\"elementor-column elementor-col-50 elementor-top-column elementor-element elementor-element-b780035\" data-id=\"b780035\" data-element_type=\"column\" data-settings=\"{&quot;background_background&quot;:&quot;classic&quot;}\">\n\t\t\t<div class=\"elementor-widget-wrap elementor-element-populated\">\n\t\t\t\t\t\t<div class=\"elementor-element elementor-element-b08389a elementor-invisible elementor-widget elementor-widget-heading\" data-id=\"b08389a\" data-element_type=\"widget\" data-settings=\"{&quot;_animation&quot;:&quot;fadeIn&quot;,&quot;_animation_delay&quot;:200}\" data-widget_type=\"heading.default\">\n\t\t\t\t<div class=\"elementor-widget-container\">\n\t\t\t<h2 class=\"elementor-heading-title elementor-size-default\">Articles dont on a grandement besoin<\/h2>\t\t<\/div>\n\t\t\t\t<\/div>\n\t\t\t\t<div class=\"elementor-element elementor-element-c91edb9 elementor-widget elementor-widget-text-editor\" data-id=\"c91edb9\" data-element_type=\"widget\" data-widget_type=\"text-editor.default\">\n\t\t\t\t<div class=\"elementor-widget-container\">\n\t\t\t\t\t\t\t<p>Au lieu de dons en argent, Place Koala accepte volontiers des dons mat\u00e9riels, que ce soit des articles neufs ou jamais utilis\u00e9s, tels que :<\/p><ul><li>Ours en peluche (chaque enfant qui fr\u00e9quente Place Koala se voit offrir un nouvel ours en peluche \u00e0 ramener \u00e0 la maison) *<\/li><li>Couvertures<\/li><li>Bo\u00eetes de jus<\/li><li>Collations sant\u00e9 (sans arachides), non p\u00e9rissables emball\u00e9es individuellement pour les enfants (barres granola, mini-craquelins Goldfish et craquelins RITZ, biscuits Pattes d\u2019ours, etc.)<\/li><li>Eau en bouteille<\/li><li>Jeux silencieux, jouets \u00e0 manipuler (fidgets) et livres \u00e0 colorier pour les enfants et les adolescents dans la salle d\u2019attente (ils peuvent \u00eatre l\u00e9g\u00e8rement usag\u00e9s).<\/li><\/ul><p><em>*Nous demandons que les ours en peluche donn\u00e9s soient neufs, car nous voulons que les enfants qui les choisissent sachent que leur ours est seulement pour eux.<\/em><\/p><p>Consultez r\u00e9guli\u00e8rement cette liste, car elle peut changer en fonction des circonstances.<\/p><p>\u00a0<\/p>\t\t\t\t\t\t<\/div>\n\t\t\t\t<\/div>\n\t\t\t\t\t<\/div>\n\t\t<\/div>\n\t\t\t\t<div class=\"elementor-column elementor-col-50 elementor-top-column elementor-element elementor-element-517a91e\" data-id=\"517a91e\" data-element_type=\"column\" data-settings=\"{&quot;background_background&quot;:&quot;classic&quot;}\">\n\t\t\t<div class=\"elementor-widget-wrap elementor-element-populated\">\n\t\t\t\t\t\t<div class=\"elementor-element elementor-element-f264291 elementor-widget elementor-widget-image\" data-id=\"f264291\" data-element_type=\"widget\" data-settings=\"{&quot;motion_fx_translateY_effect&quot;:&quot;yes&quot;,&quot;motion_fx_motion_fx_scrolling&quot;:&quot;yes&quot;,&quot;motion_fx_devices&quot;:[&quot;desktop&quot;],&quot;motion_fx_range&quot;:&quot;page&quot;,&quot;motion_fx_translateY_speed&quot;:{&quot;unit&quot;:&quot;px&quot;,&quot;size&quot;:4,&quot;sizes&quot;:[]},&quot;motion_fx_translateY_affectedRange&quot;:{&quot;unit&quot;:&quot;%&quot;,&quot;size&quot;:&quot;&quot;,&quot;sizes&quot;:{&quot;start&quot;:0,&quot;end&quot;:100}}}\" data-widget_type=\"image.default\">\n\t\t\t\t<div class=\"elementor-widget-container\">\n\t\t\t\t\t\t\t\t\t\t\t\t\t<img decoding=\"async\" src=\"https:\/\/koalaplace.ca\/wp-content\/uploads\/elementor\/thumbs\/Snacks2-q380zgkkdeswevgznc80tpo74sdyryeax11hyyvjpc.jpg\" title=\"Snacks2\" alt=\"Snacks2\" loading=\"lazy\" \/>\t\t\t\t\t\t\t\t\t\t\t\t\t<\/div>\n\t\t\t\t<\/div>\n\t\t\t\t\t<\/div>\n\t\t<\/div>\n\t\t\t\t\t<\/div>\n\t\t<\/section>\n\t\t\t\t<\/div>","protected":false},"excerpt":{"rendered":"<p>Much Needed Items In lieu of monetary donations, Koala Place also happily accepts new\/unused tangible gifts, such as: Teddy Bears (each child who attends Koala Place is offered a new teddy bear to take home)* Blankets Juice boxes Healthy (peanut free) individually wrapped, non-perishable children\u2019s snacks (granola bars, goldfish, ritz crackers, muffins, bear paws, etc.)&#8230;<\/p>","protected":false},"author":1,"featured_media":0,"parent":0,"menu_order":0,"comment_status":"closed","ping_status":"closed","template":"","meta":{"footnotes":""},"class_list":["post-988014","page","type-page","status-publish","hentry"],"_links":{"self":[{"href":"https:\/\/koalaplace.ca\/fr\/wp-json\/wp\/v2\/pages\/988014","targetHints":{"allow":["GET"]}}],"collection":[{"href":"https:\/\/koalaplace.ca\/fr\/wp-json\/wp\/v2\/pages"}],"about":[{"href":"https:\/\/koalaplace.ca\/fr\/wp-json\/wp\/v2\/types\/page"}],"author":[{"embeddable":true,"href":"https:\/\/koalaplace.ca\/fr\/wp-json\/wp\/v2\/users\/1"}],"replies":[{"embeddable":true,"href":"https:\/\/koalaplace.ca\/fr\/wp-json\/wp\/v2\/comments?post=988014"}],"version-history":[{"count":34,"href":"https:\/\/koalaplace.ca\/fr\/wp-json\/wp\/v2\/pages\/988014\/revisions"}],"predecessor-version":[{"id":988550,"href":"https:\/\/koalaplace.ca\/fr\/wp-json\/wp\/v2\/pages\/988014\/revisions\/988550"}],"wp:attachment":[{"href":"https:\/\/koalaplace.ca\/fr\/wp-json\/wp\/v2\/media?parent=988014"}],"curies":[{"name":"wp","href":"https:\/\/api.w.org\/{rel}","templated":true}]}}