{"id":987963,"date":"2023-01-09T16:12:22","date_gmt":"2023-01-09T21:12:22","guid":{"rendered":"https:\/\/koalaplace.ca.s225752.gridserver.com\/?page_id=987963"},"modified":"2026-02-19T14:41:42","modified_gmt":"2026-02-19T19:41:42","slug":"case-manager-systems-navigator","status":"publish","type":"page","link":"https:\/\/koalaplace.ca\/fr\/case-manager-systems-navigator\/","title":{"rendered":"Child and Youth Support Specialist"},"content":{"rendered":"<div data-elementor-type=\"wp-page\" data-elementor-id=\"987963\" class=\"elementor elementor-987963\" data-elementor-post-type=\"page\">\n\t\t\t\t\t\t<section class=\"elementor-section elementor-top-section elementor-element elementor-element-3aeedaf2 elementor-section-content-bottom elementor-section-height-min-height elementor-section-items-stretch elementor-section-boxed elementor-section-height-default\" data-id=\"3aeedaf2\" data-element_type=\"section\" data-settings=\"{&quot;background_background&quot;:&quot;classic&quot;,&quot;animation&quot;:&quot;none&quot;,&quot;shape_divider_bottom&quot;:&quot;vamtam-waves&quot;,&quot;shape_divider_top&quot;:&quot;vamtam-waves&quot;}\">\n\t\t\t\t\t<div class=\"elementor-shape elementor-shape-top\" data-negative=\"false\">\n\t\t\t<svg preserveaspectratio=\"xMidYMin slice\" viewbox=\"0 0 1056 4\" xmlns=\"http:\/\/www.w3.org\/2000\/svg\">\n<path class=\"elementor-shape-fill\" d=\"M1035.025 1.916c-.721-.81-1.865-1.275-2.954-1.275a3.807 3.807 0 0 0-2.846 1.275C1027.889 3.249 1025.893 4 1024 4c-1.896.008-3.642-.745-4.975-2.084-.721-.81-1.865-1.275-2.954-1.275a3.807 3.807 0 0 0-2.846 1.275C1011.889 3.249 1009.893 4 1008 4c-1.896.008-3.642-.745-4.975-2.084-.721-.81-1.865-1.275-2.954-1.275a3.807 3.807 0 0 0-2.846 1.275C995.889 3.249 993.893 4 992 4c-1.896.008-3.642-.745-4.975-2.084-.721-.81-1.865-1.275-2.954-1.275a3.807 3.807 0 0 0-2.846 1.275C979.889 3.249 977.893 4 976 4c-1.896.008-3.642-.745-4.975-2.084-.721-.81-1.865-1.275-2.954-1.275a3.807 3.807 0 0 0-2.846 1.275C963.889 3.249 961.893 4 960 4c-1.896.008-3.642-.745-4.975-2.084-.721-.81-1.865-1.275-2.954-1.275a3.807 3.807 0 0 0-2.846 1.275C947.889 3.249 945.893 4 944 4c-1.896.008-3.642-.745-4.975-2.084-.721-.81-1.865-1.275-2.954-1.275a3.807 3.807 0 0 0-2.846 1.275C931.889 3.249 929.893 4 928 4c-1.896.008-3.642-.745-4.975-2.084-.721-.81-1.865-1.275-2.954-1.275a3.807 3.807 0 0 0-2.846 1.275C915.889 3.249 913.893 4 912 4c-1.896.008-3.642-.745-4.975-2.084-.721-.81-1.865-1.275-2.954-1.275a3.807 3.807 0 0 0-2.846 1.275C899.889 3.249 897.893 4 896 4c-1.896.008-3.642-.745-4.975-2.084-.721-.81-1.865-1.275-2.954-1.275a3.807 3.807 0 0 0-2.846 1.275C883.889 3.249 881.893 4 880 4c-1.896.008-3.642-.745-4.975-2.084-.721-.81-1.865-1.275-2.954-1.275a3.807 3.807 0 0 0-2.846 1.275C867.889 3.249 865.893 4 864 4c-1.896.008-3.642-.745-4.975-2.084-.721-.81-1.865-1.275-2.954-1.275a3.807 3.807 0 0 0-2.846 1.275C851.889 3.249 849.893 4 848 4c-1.896.008-3.642-.745-4.975-2.084-.721-.81-1.865-1.275-2.954-1.275a3.807 3.807 0 0 0-2.846 1.275C835.889 3.249 833.893 4 832 4c-1.896.008-3.642-.745-4.975-2.084-.721-.81-1.865-1.275-2.954-1.275a3.807 3.807 0 0 0-2.846 1.275C819.889 3.249 817.893 4 816 4c-1.896.008-3.642-.745-4.975-2.084-.721-.81-1.865-1.275-2.954-1.275a3.807 3.807 0 0 0-2.846 1.275C803.889 3.249 801.893 4 800 4c-1.896.008-3.642-.745-4.975-2.084-.721-.81-1.865-1.275-2.954-1.275a3.807 3.807 0 0 0-2.846 1.275C787.889 3.249 785.893 4 784 4c-1.896.008-3.642-.745-4.975-2.084-.721-.81-1.865-1.275-2.954-1.275a3.807 3.807 0 0 0-2.846 1.275C771.889 3.249 769.893 4 768 4c-1.896.008-3.642-.745-4.975-2.084-.721-.81-1.865-1.275-2.954-1.275a3.807 3.807 0 0 0-2.846 1.275C755.889 3.249 753.893 4 752 4c-1.896.008-3.642-.745-4.975-2.084-.721-.81-1.865-1.275-2.954-1.275a3.807 3.807 0 0 0-2.846 1.275C739.889 3.249 737.893 4 736 4c-1.896.008-3.642-.745-4.975-2.084-.721-.81-1.865-1.275-2.954-1.275a3.807 3.807 0 0 0-2.846 1.275C723.889 3.249 721.893 4 720 4c-1.896.008-3.642-.745-4.975-2.084-.721-.81-1.865-1.275-2.954-1.275a3.807 3.807 0 0 0-2.846 1.275C707.889 3.249 705.893 4 704 4c-1.896.008-3.642-.745-4.975-2.084-.721-.81-1.865-1.275-2.954-1.275a3.807 3.807 0 0 0-2.846 1.275C691.889 3.249 689.893 4 688 4c-1.896.008-3.642-.745-4.975-2.084-.721-.81-1.865-1.275-2.954-1.275a3.807 3.807 0 0 0-2.846 1.275C675.889 3.249 673.893 4 672 4c-1.896.008-3.642-.745-4.975-2.084-.721-.81-1.865-1.275-2.954-1.275a3.807 3.807 0 0 0-2.846 1.275C659.889 3.249 657.893 4 656 4c-1.896.008-3.642-.745-4.975-2.084-.721-.81-1.865-1.275-2.954-1.275a3.807 3.807 0 0 0-2.846 1.275C643.889 3.249 641.893 4 640 4c-1.896.008-3.642-.745-4.975-2.084-.721-.81-1.865-1.275-2.954-1.275a3.807 3.807 0 0 0-2.846 1.275C627.889 3.249 625.893 4 624 4c-1.896.008-3.642-.745-4.975-2.084-.721-.81-1.865-1.275-2.954-1.275a3.807 3.807 0 0 0-2.846 1.275C611.889 3.249 609.893 4 608 4c-1.896.008-3.642-.745-4.975-2.084-.721-.81-1.865-1.275-2.954-1.275a3.807 3.807 0 0 0-2.846 1.275C595.889 3.249 593.893 4 592 4c-1.896.008-3.642-.745-4.975-2.084-.721-.81-1.865-1.275-2.954-1.275a3.807 3.807 0 0 0-2.846 1.275C579.889 3.249 577.893 4 576 4c-1.896.008-3.642-.745-4.975-2.084-.721-.81-1.865-1.275-2.954-1.275a3.807 3.807 0 0 0-2.846 1.275C563.889 3.249 561.893 4 560 4c-1.896.008-3.642-.745-4.975-2.084-.721-.81-1.865-1.275-2.954-1.275a3.807 3.807 0 0 0-2.846 1.275C547.889 3.249 545.893 4 544 4c-1.896.008-3.642-.745-4.975-2.084-.721-.81-1.865-1.275-2.954-1.275a3.807 3.807 0 0 0-2.846 1.275C531.889 3.249 529.893 4 528 4c-1.896.008-3.642-.745-4.975-2.084-.721-.81-1.865-1.275-2.954-1.275a3.807 3.807 0 0 0-2.846 1.275C515.889 3.249 513.893 4 512 4c-1.896.008-3.642-.745-4.975-2.084-.721-.81-1.865-1.275-2.954-1.275a3.807 3.807 0 0 0-2.846 1.275C499.889 3.249 497.893 4 496 4c-1.896.008-3.642-.745-4.975-2.084-.721-.81-1.865-1.275-2.954-1.275a3.807 3.807 0 0 0-2.846 1.275C483.889 3.249 481.893 4 480 4c-1.896.008-3.642-.745-4.975-2.084-.721-.81-1.865-1.275-2.954-1.275a3.807 3.807 0 0 0-2.846 1.275C467.889 3.249 465.893 4 464 4c-1.896.008-3.642-.745-4.975-2.084-.721-.81-1.865-1.275-2.954-1.275a3.807 3.807 0 0 0-2.846 1.275C451.889 3.249 449.893 4 448 4c-1.896.008-3.642-.745-4.975-2.084-.721-.81-1.865-1.275-2.954-1.275a3.807 3.807 0 0 0-2.846 1.275C435.889 3.249 433.893 4 432 4c-1.896.008-3.642-.745-4.975-2.084-.721-.81-1.865-1.275-2.954-1.275a3.807 3.807 0 0 0-2.846 1.275C419.889 3.249 417.893 4 416 4c-1.896.008-3.642-.745-4.975-2.084-.721-.81-1.865-1.275-2.954-1.275a3.807 3.807 0 0 0-2.846 1.275C403.889 3.249 401.893 4 400 4c-1.896.008-3.642-.745-4.975-2.084-.721-.81-1.865-1.275-2.954-1.275a3.807 3.807 0 0 0-2.846 1.275C387.889 3.249 385.893 4 384 4c-1.896.008-3.642-.745-4.975-2.084-.721-.81-1.865-1.275-2.954-1.275a3.807 3.807 0 0 0-2.846 1.275C371.889 3.249 369.893 4 368 4c-1.896.008-3.642-.745-4.975-2.084-.721-.81-1.865-1.275-2.954-1.275a3.807 3.807 0 0 0-2.846 1.275C355.889 3.249 353.893 4 352 4c-1.896.008-3.642-.745-4.975-2.084-.721-.81-1.865-1.275-2.954-1.275a3.807 3.807 0 0 0-2.846 1.275C339.889 3.249 337.893 4 336 4c-1.896.008-3.642-.745-4.975-2.084-.721-.81-1.865-1.275-2.954-1.275a3.807 3.807 0 0 0-2.846 1.275C323.889 3.249 321.893 4 320 4c-1.896.008-3.642-.745-4.975-2.084-.721-.81-1.865-1.275-2.954-1.275a3.807 3.807 0 0 0-2.846 1.275C307.889 3.249 305.893 4 304 4c-1.896.008-3.642-.745-4.975-2.084-.721-.81-1.865-1.275-2.954-1.275a3.807 3.807 0 0 0-2.846 1.275C291.889 3.249 289.893 4 288 4c-1.896.008-3.642-.745-4.975-2.084-.721-.81-1.865-1.275-2.954-1.275a3.807 3.807 0 0 0-2.846 1.275C275.889 3.249 273.893 4 272 4c-1.896.008-3.642-.745-4.975-2.084-.721-.81-1.865-1.275-2.954-1.275a3.807 3.807 0 0 0-2.846 1.275C259.889 3.249 257.893 4 256 4c-1.896.008-3.642-.745-4.975-2.084-.721-.81-1.865-1.275-2.954-1.275a3.807 3.807 0 0 0-2.846 1.275C243.889 3.249 241.893 4 240 4c-1.896.008-3.642-.745-4.975-2.084-.721-.81-1.865-1.275-2.954-1.275a3.807 3.807 0 0 0-2.846 1.275C227.889 3.249 225.893 4 224 4c-1.896.008-3.642-.745-4.975-2.084-.721-.81-1.865-1.275-2.954-1.275a3.807 3.807 0 0 0-2.846 1.275C211.889 3.249 209.893 4 208 4c-1.896.008-3.642-.745-4.975-2.084-.721-.81-1.865-1.275-2.954-1.275a3.807 3.807 0 0 0-2.846 1.275C195.889 3.249 193.893 4 192 4c-1.896.008-3.642-.745-4.975-2.084-.721-.81-1.865-1.275-2.954-1.275a3.807 3.807 0 0 0-2.846 1.275C179.889 3.249 177.893 4 176 4c-1.896.008-3.642-.745-4.975-2.084-.721-.81-1.865-1.275-2.954-1.275a3.807 3.807 0 0 0-2.846 1.275C163.889 3.249 161.893 4 160 4c-1.896.008-3.642-.745-4.975-2.084-.721-.81-1.865-1.275-2.954-1.275a3.807 3.807 0 0 0-2.846 1.275C147.889 3.249 145.893 4 144 4c-1.896.008-3.642-.745-4.975-2.084-.721-.81-1.865-1.275-2.954-1.275a3.807 3.807 0 0 0-2.846 1.275C131.889 3.249 129.893 4 128 4c-1.896.008-3.642-.745-4.975-2.084-.721-.81-1.865-1.275-2.954-1.275a3.807 3.807 0 0 0-2.846 1.275C115.889 3.249 113.893 4 112 4c-1.896.008-3.642-.745-4.975-2.084-.721-.81-1.865-1.275-2.954-1.275a3.807 3.807 0 0 0-2.846 1.275C99.889 3.249 97.893 4 96 4c-1.896.008-3.642-.745-4.975-2.084C90.304 1.106 89.16.64 88.07.64a3.807 3.807 0 0 0-2.846 1.275C83.889 3.249 81.893 4 80 4c-1.896.008-3.642-.745-4.975-2.084C74.304 1.106 73.16.64 72.07.64a3.807 3.807 0 0 0-2.846 1.275C67.889 3.249 65.893 4 64 4c-1.896.008-3.642-.745-4.975-2.084C58.304 1.106 57.16.64 56.07.64a3.807 3.807 0 0 0-2.846 1.275C51.889 3.249 49.893 4 48 4c-1.896.008-3.642-.745-4.975-2.084C42.304 1.106 41.16.64 40.07.64a3.807 3.807 0 0 0-2.846 1.275C35.889 3.249 33.893 4 32 4c-1.896.008-3.642-.745-4.975-2.084C26.304 1.106 25.16.64 24.07.64a3.807 3.807 0 0 0-2.846 1.275C19.889 3.249 17.893 4 16 4c-1.896.008-3.642-.745-4.975-2.084C10.304 1.106 9.16.64 8.07.64a3.807 3.807 0 0 0-2.846 1.275C3.889 3.249 1.893 4 0 4V0h1056v4c-1.896.008-3.642-.745-4.975-2.084-.721-.81-1.865-1.275-2.954-1.275a3.807 3.807 0 0 0-2.846 1.275C1043.889 3.249 1041.893 4 1040 4c-1.896.008-3.642-.745-4.975-2.084z\"\/>\n<\/svg>\n\t\t<\/div>\n\t\t\t\t<div class=\"elementor-shape elementor-shape-bottom\" data-negative=\"false\">\n\t\t\t<svg preserveaspectratio=\"xMidYMin slice\" viewbox=\"0 0 1056 4\" xmlns=\"http:\/\/www.w3.org\/2000\/svg\">\n<path class=\"elementor-shape-fill\" d=\"M1035.025 1.916c-.721-.81-1.865-1.275-2.954-1.275a3.807 3.807 0 0 0-2.846 1.275C1027.889 3.249 1025.893 4 1024 4c-1.896.008-3.642-.745-4.975-2.084-.721-.81-1.865-1.275-2.954-1.275a3.807 3.807 0 0 0-2.846 1.275C1011.889 3.249 1009.893 4 1008 4c-1.896.008-3.642-.745-4.975-2.084-.721-.81-1.865-1.275-2.954-1.275a3.807 3.807 0 0 0-2.846 1.275C995.889 3.249 993.893 4 992 4c-1.896.008-3.642-.745-4.975-2.084-.721-.81-1.865-1.275-2.954-1.275a3.807 3.807 0 0 0-2.846 1.275C979.889 3.249 977.893 4 976 4c-1.896.008-3.642-.745-4.975-2.084-.721-.81-1.865-1.275-2.954-1.275a3.807 3.807 0 0 0-2.846 1.275C963.889 3.249 961.893 4 960 4c-1.896.008-3.642-.745-4.975-2.084-.721-.81-1.865-1.275-2.954-1.275a3.807 3.807 0 0 0-2.846 1.275C947.889 3.249 945.893 4 944 4c-1.896.008-3.642-.745-4.975-2.084-.721-.81-1.865-1.275-2.954-1.275a3.807 3.807 0 0 0-2.846 1.275C931.889 3.249 929.893 4 928 4c-1.896.008-3.642-.745-4.975-2.084-.721-.81-1.865-1.275-2.954-1.275a3.807 3.807 0 0 0-2.846 1.275C915.889 3.249 913.893 4 912 4c-1.896.008-3.642-.745-4.975-2.084-.721-.81-1.865-1.275-2.954-1.275a3.807 3.807 0 0 0-2.846 1.275C899.889 3.249 897.893 4 896 4c-1.896.008-3.642-.745-4.975-2.084-.721-.81-1.865-1.275-2.954-1.275a3.807 3.807 0 0 0-2.846 1.275C883.889 3.249 881.893 4 880 4c-1.896.008-3.642-.745-4.975-2.084-.721-.81-1.865-1.275-2.954-1.275a3.807 3.807 0 0 0-2.846 1.275C867.889 3.249 865.893 4 864 4c-1.896.008-3.642-.745-4.975-2.084-.721-.81-1.865-1.275-2.954-1.275a3.807 3.807 0 0 0-2.846 1.275C851.889 3.249 849.893 4 848 4c-1.896.008-3.642-.745-4.975-2.084-.721-.81-1.865-1.275-2.954-1.275a3.807 3.807 0 0 0-2.846 1.275C835.889 3.249 833.893 4 832 4c-1.896.008-3.642-.745-4.975-2.084-.721-.81-1.865-1.275-2.954-1.275a3.807 3.807 0 0 0-2.846 1.275C819.889 3.249 817.893 4 816 4c-1.896.008-3.642-.745-4.975-2.084-.721-.81-1.865-1.275-2.954-1.275a3.807 3.807 0 0 0-2.846 1.275C803.889 3.249 801.893 4 800 4c-1.896.008-3.642-.745-4.975-2.084-.721-.81-1.865-1.275-2.954-1.275a3.807 3.807 0 0 0-2.846 1.275C787.889 3.249 785.893 4 784 4c-1.896.008-3.642-.745-4.975-2.084-.721-.81-1.865-1.275-2.954-1.275a3.807 3.807 0 0 0-2.846 1.275C771.889 3.249 769.893 4 768 4c-1.896.008-3.642-.745-4.975-2.084-.721-.81-1.865-1.275-2.954-1.275a3.807 3.807 0 0 0-2.846 1.275C755.889 3.249 753.893 4 752 4c-1.896.008-3.642-.745-4.975-2.084-.721-.81-1.865-1.275-2.954-1.275a3.807 3.807 0 0 0-2.846 1.275C739.889 3.249 737.893 4 736 4c-1.896.008-3.642-.745-4.975-2.084-.721-.81-1.865-1.275-2.954-1.275a3.807 3.807 0 0 0-2.846 1.275C723.889 3.249 721.893 4 720 4c-1.896.008-3.642-.745-4.975-2.084-.721-.81-1.865-1.275-2.954-1.275a3.807 3.807 0 0 0-2.846 1.275C707.889 3.249 705.893 4 704 4c-1.896.008-3.642-.745-4.975-2.084-.721-.81-1.865-1.275-2.954-1.275a3.807 3.807 0 0 0-2.846 1.275C691.889 3.249 689.893 4 688 4c-1.896.008-3.642-.745-4.975-2.084-.721-.81-1.865-1.275-2.954-1.275a3.807 3.807 0 0 0-2.846 1.275C675.889 3.249 673.893 4 672 4c-1.896.008-3.642-.745-4.975-2.084-.721-.81-1.865-1.275-2.954-1.275a3.807 3.807 0 0 0-2.846 1.275C659.889 3.249 657.893 4 656 4c-1.896.008-3.642-.745-4.975-2.084-.721-.81-1.865-1.275-2.954-1.275a3.807 3.807 0 0 0-2.846 1.275C643.889 3.249 641.893 4 640 4c-1.896.008-3.642-.745-4.975-2.084-.721-.81-1.865-1.275-2.954-1.275a3.807 3.807 0 0 0-2.846 1.275C627.889 3.249 625.893 4 624 4c-1.896.008-3.642-.745-4.975-2.084-.721-.81-1.865-1.275-2.954-1.275a3.807 3.807 0 0 0-2.846 1.275C611.889 3.249 609.893 4 608 4c-1.896.008-3.642-.745-4.975-2.084-.721-.81-1.865-1.275-2.954-1.275a3.807 3.807 0 0 0-2.846 1.275C595.889 3.249 593.893 4 592 4c-1.896.008-3.642-.745-4.975-2.084-.721-.81-1.865-1.275-2.954-1.275a3.807 3.807 0 0 0-2.846 1.275C579.889 3.249 577.893 4 576 4c-1.896.008-3.642-.745-4.975-2.084-.721-.81-1.865-1.275-2.954-1.275a3.807 3.807 0 0 0-2.846 1.275C563.889 3.249 561.893 4 560 4c-1.896.008-3.642-.745-4.975-2.084-.721-.81-1.865-1.275-2.954-1.275a3.807 3.807 0 0 0-2.846 1.275C547.889 3.249 545.893 4 544 4c-1.896.008-3.642-.745-4.975-2.084-.721-.81-1.865-1.275-2.954-1.275a3.807 3.807 0 0 0-2.846 1.275C531.889 3.249 529.893 4 528 4c-1.896.008-3.642-.745-4.975-2.084-.721-.81-1.865-1.275-2.954-1.275a3.807 3.807 0 0 0-2.846 1.275C515.889 3.249 513.893 4 512 4c-1.896.008-3.642-.745-4.975-2.084-.721-.81-1.865-1.275-2.954-1.275a3.807 3.807 0 0 0-2.846 1.275C499.889 3.249 497.893 4 496 4c-1.896.008-3.642-.745-4.975-2.084-.721-.81-1.865-1.275-2.954-1.275a3.807 3.807 0 0 0-2.846 1.275C483.889 3.249 481.893 4 480 4c-1.896.008-3.642-.745-4.975-2.084-.721-.81-1.865-1.275-2.954-1.275a3.807 3.807 0 0 0-2.846 1.275C467.889 3.249 465.893 4 464 4c-1.896.008-3.642-.745-4.975-2.084-.721-.81-1.865-1.275-2.954-1.275a3.807 3.807 0 0 0-2.846 1.275C451.889 3.249 449.893 4 448 4c-1.896.008-3.642-.745-4.975-2.084-.721-.81-1.865-1.275-2.954-1.275a3.807 3.807 0 0 0-2.846 1.275C435.889 3.249 433.893 4 432 4c-1.896.008-3.642-.745-4.975-2.084-.721-.81-1.865-1.275-2.954-1.275a3.807 3.807 0 0 0-2.846 1.275C419.889 3.249 417.893 4 416 4c-1.896.008-3.642-.745-4.975-2.084-.721-.81-1.865-1.275-2.954-1.275a3.807 3.807 0 0 0-2.846 1.275C403.889 3.249 401.893 4 400 4c-1.896.008-3.642-.745-4.975-2.084-.721-.81-1.865-1.275-2.954-1.275a3.807 3.807 0 0 0-2.846 1.275C387.889 3.249 385.893 4 384 4c-1.896.008-3.642-.745-4.975-2.084-.721-.81-1.865-1.275-2.954-1.275a3.807 3.807 0 0 0-2.846 1.275C371.889 3.249 369.893 4 368 4c-1.896.008-3.642-.745-4.975-2.084-.721-.81-1.865-1.275-2.954-1.275a3.807 3.807 0 0 0-2.846 1.275C355.889 3.249 353.893 4 352 4c-1.896.008-3.642-.745-4.975-2.084-.721-.81-1.865-1.275-2.954-1.275a3.807 3.807 0 0 0-2.846 1.275C339.889 3.249 337.893 4 336 4c-1.896.008-3.642-.745-4.975-2.084-.721-.81-1.865-1.275-2.954-1.275a3.807 3.807 0 0 0-2.846 1.275C323.889 3.249 321.893 4 320 4c-1.896.008-3.642-.745-4.975-2.084-.721-.81-1.865-1.275-2.954-1.275a3.807 3.807 0 0 0-2.846 1.275C307.889 3.249 305.893 4 304 4c-1.896.008-3.642-.745-4.975-2.084-.721-.81-1.865-1.275-2.954-1.275a3.807 3.807 0 0 0-2.846 1.275C291.889 3.249 289.893 4 288 4c-1.896.008-3.642-.745-4.975-2.084-.721-.81-1.865-1.275-2.954-1.275a3.807 3.807 0 0 0-2.846 1.275C275.889 3.249 273.893 4 272 4c-1.896.008-3.642-.745-4.975-2.084-.721-.81-1.865-1.275-2.954-1.275a3.807 3.807 0 0 0-2.846 1.275C259.889 3.249 257.893 4 256 4c-1.896.008-3.642-.745-4.975-2.084-.721-.81-1.865-1.275-2.954-1.275a3.807 3.807 0 0 0-2.846 1.275C243.889 3.249 241.893 4 240 4c-1.896.008-3.642-.745-4.975-2.084-.721-.81-1.865-1.275-2.954-1.275a3.807 3.807 0 0 0-2.846 1.275C227.889 3.249 225.893 4 224 4c-1.896.008-3.642-.745-4.975-2.084-.721-.81-1.865-1.275-2.954-1.275a3.807 3.807 0 0 0-2.846 1.275C211.889 3.249 209.893 4 208 4c-1.896.008-3.642-.745-4.975-2.084-.721-.81-1.865-1.275-2.954-1.275a3.807 3.807 0 0 0-2.846 1.275C195.889 3.249 193.893 4 192 4c-1.896.008-3.642-.745-4.975-2.084-.721-.81-1.865-1.275-2.954-1.275a3.807 3.807 0 0 0-2.846 1.275C179.889 3.249 177.893 4 176 4c-1.896.008-3.642-.745-4.975-2.084-.721-.81-1.865-1.275-2.954-1.275a3.807 3.807 0 0 0-2.846 1.275C163.889 3.249 161.893 4 160 4c-1.896.008-3.642-.745-4.975-2.084-.721-.81-1.865-1.275-2.954-1.275a3.807 3.807 0 0 0-2.846 1.275C147.889 3.249 145.893 4 144 4c-1.896.008-3.642-.745-4.975-2.084-.721-.81-1.865-1.275-2.954-1.275a3.807 3.807 0 0 0-2.846 1.275C131.889 3.249 129.893 4 128 4c-1.896.008-3.642-.745-4.975-2.084-.721-.81-1.865-1.275-2.954-1.275a3.807 3.807 0 0 0-2.846 1.275C115.889 3.249 113.893 4 112 4c-1.896.008-3.642-.745-4.975-2.084-.721-.81-1.865-1.275-2.954-1.275a3.807 3.807 0 0 0-2.846 1.275C99.889 3.249 97.893 4 96 4c-1.896.008-3.642-.745-4.975-2.084C90.304 1.106 89.16.64 88.07.64a3.807 3.807 0 0 0-2.846 1.275C83.889 3.249 81.893 4 80 4c-1.896.008-3.642-.745-4.975-2.084C74.304 1.106 73.16.64 72.07.64a3.807 3.807 0 0 0-2.846 1.275C67.889 3.249 65.893 4 64 4c-1.896.008-3.642-.745-4.975-2.084C58.304 1.106 57.16.64 56.07.64a3.807 3.807 0 0 0-2.846 1.275C51.889 3.249 49.893 4 48 4c-1.896.008-3.642-.745-4.975-2.084C42.304 1.106 41.16.64 40.07.64a3.807 3.807 0 0 0-2.846 1.275C35.889 3.249 33.893 4 32 4c-1.896.008-3.642-.745-4.975-2.084C26.304 1.106 25.16.64 24.07.64a3.807 3.807 0 0 0-2.846 1.275C19.889 3.249 17.893 4 16 4c-1.896.008-3.642-.745-4.975-2.084C10.304 1.106 9.16.64 8.07.64a3.807 3.807 0 0 0-2.846 1.275C3.889 3.249 1.893 4 0 4V0h1056v4c-1.896.008-3.642-.745-4.975-2.084-.721-.81-1.865-1.275-2.954-1.275a3.807 3.807 0 0 0-2.846 1.275C1043.889 3.249 1041.893 4 1040 4c-1.896.008-3.642-.745-4.975-2.084z\"\/>\n<\/svg>\n\t\t<\/div>\n\t\t\t\t\t<div class=\"elementor-container elementor-column-gap-default\">\n\t\t\t\t\t<div class=\"elementor-column elementor-col-50 elementor-top-column elementor-element elementor-element-726decd8\" data-id=\"726decd8\" data-element_type=\"column\">\n\t\t\t<div class=\"elementor-widget-wrap elementor-element-populated\">\n\t\t\t\t\t\t\t<\/div>\n\t\t<\/div>\n\t\t\t\t<div class=\"elementor-column elementor-col-50 elementor-top-column elementor-element elementor-element-18b6edcb elementor-hidden-phone\" data-id=\"18b6edcb\" data-element_type=\"column\">\n\t\t\t<div class=\"elementor-widget-wrap elementor-element-populated\">\n\t\t\t\t\t\t<div class=\"elementor-element elementor-element-1099f46 elementor-invisible elementor-widget elementor-widget-image\" data-id=\"1099f46\" data-element_type=\"widget\" data-settings=\"{&quot;_animation&quot;:&quot;bounceInUp&quot;,&quot;motion_fx_scale_effect&quot;:&quot;yes&quot;,&quot;motion_fx_scale_direction&quot;:&quot;in-out&quot;,&quot;motion_fx_scale_range&quot;:{&quot;unit&quot;:&quot;%&quot;,&quot;size&quot;:&quot;&quot;,&quot;sizes&quot;:{&quot;start&quot;:50,&quot;end&quot;:100}},&quot;motion_fx_motion_fx_scrolling&quot;:&quot;yes&quot;,&quot;motion_fx_scale_speed&quot;:{&quot;unit&quot;:&quot;px&quot;,&quot;size&quot;:6,&quot;sizes&quot;:[]},&quot;motion_fx_devices&quot;:[&quot;desktop&quot;]}\" data-widget_type=\"image.default\">\n\t\t\t\t<div class=\"elementor-widget-container\">\n\t\t\t\t\t\t\t\t\t\t\t\t\t<img decoding=\"async\" width=\"157\" height=\"145\" src=\"https:\/\/koalaplace.ca\/wp-content\/uploads\/2022\/11\/koala-color-1.svg\" class=\"attachment-large size-large wp-image-987737\" alt=\"\" \/>\t\t\t\t\t\t\t\t\t\t\t\t\t<\/div>\n\t\t\t\t<\/div>\n\t\t\t\t\t<\/div>\n\t\t<\/div>\n\t\t\t\t\t<\/div>\n\t\t<\/section>\n\t\t\t\t<section class=\"elementor-section elementor-top-section elementor-element elementor-element-04af92e elementor-reverse-mobile elementor-section-boxed elementor-section-height-default elementor-section-height-default\" data-id=\"04af92e\" data-element_type=\"section\" data-settings=\"{&quot;background_background&quot;:&quot;classic&quot;,&quot;background_motion_fx_motion_fx_scrolling&quot;:&quot;yes&quot;,&quot;background_motion_fx_scale_effect&quot;:&quot;yes&quot;,&quot;background_motion_fx_scale_direction&quot;:&quot;in-out&quot;,&quot;background_motion_fx_scale_range&quot;:{&quot;unit&quot;:&quot;%&quot;,&quot;size&quot;:&quot;&quot;,&quot;sizes&quot;:{&quot;start&quot;:0,&quot;end&quot;:40}},&quot;background_motion_fx_scale_speed&quot;:{&quot;unit&quot;:&quot;px&quot;,&quot;size&quot;:4,&quot;sizes&quot;:[]},&quot;background_motion_fx_devices&quot;:[&quot;desktop&quot;,&quot;tablet&quot;,&quot;mobile&quot;]}\">\n\t\t\t\t\t\t<div class=\"elementor-container elementor-column-gap-default\">\n\t\t\t\t\t<div class=\"elementor-column elementor-col-50 elementor-top-column elementor-element elementor-element-6722d52\" data-id=\"6722d52\" data-element_type=\"column\" data-settings=\"{&quot;background_background&quot;:&quot;classic&quot;}\">\n\t\t\t<div class=\"elementor-widget-wrap elementor-element-populated\">\n\t\t\t\t\t\t<div class=\"elementor-element elementor-element-cfd8535 elementor-widget elementor-widget-image\" data-id=\"cfd8535\" data-element_type=\"widget\" data-settings=\"{&quot;motion_fx_translateY_effect&quot;:&quot;yes&quot;,&quot;motion_fx_motion_fx_scrolling&quot;:&quot;yes&quot;,&quot;motion_fx_devices&quot;:[&quot;desktop&quot;],&quot;motion_fx_range&quot;:&quot;page&quot;,&quot;motion_fx_translateY_speed&quot;:{&quot;unit&quot;:&quot;px&quot;,&quot;size&quot;:4,&quot;sizes&quot;:[]},&quot;motion_fx_translateY_affectedRange&quot;:{&quot;unit&quot;:&quot;%&quot;,&quot;size&quot;:&quot;&quot;,&quot;sizes&quot;:{&quot;start&quot;:0,&quot;end&quot;:100}}}\" data-widget_type=\"image.default\">\n\t\t\t\t<div class=\"elementor-widget-container\">\n\t\t\t\t\t\t\t\t\t\t\t\t\t<img decoding=\"async\" src=\"https:\/\/koalaplace.ca\/wp-content\/uploads\/elementor\/thumbs\/case-manager-q380zbvdf8kpddwiyya9j7ruyxu3r7qz6kqsaeu3j8.jpg\" title=\"case-manager\" alt=\"case-manager\" loading=\"lazy\" \/>\t\t\t\t\t\t\t\t\t\t\t\t\t<\/div>\n\t\t\t\t<\/div>\n\t\t\t\t\t<\/div>\n\t\t<\/div>\n\t\t\t\t<div class=\"elementor-column elementor-col-50 elementor-top-column elementor-element elementor-element-f693903\" data-id=\"f693903\" data-element_type=\"column\" data-settings=\"{&quot;background_background&quot;:&quot;classic&quot;}\">\n\t\t\t<div class=\"elementor-widget-wrap elementor-element-populated\">\n\t\t\t\t\t\t<div class=\"elementor-element elementor-element-b831927 elementor-invisible elementor-widget elementor-widget-heading\" data-id=\"b831927\" data-element_type=\"widget\" data-settings=\"{&quot;_animation&quot;:&quot;fadeIn&quot;,&quot;_animation_delay&quot;:200}\" data-widget_type=\"heading.default\">\n\t\t\t\t<div class=\"elementor-widget-container\">\n\t\t\t<h2 class=\"elementor-heading-title elementor-size-default\">Comment \u00e7a fonctionne\u2009?<\/h2>\t\t<\/div>\n\t\t\t\t<\/div>\n\t\t\t\t<div class=\"elementor-element elementor-element-f5861b7 elementor-widget elementor-widget-text-editor\" data-id=\"f5861b7\" data-element_type=\"widget\" data-widget_type=\"text-editor.default\">\n\t\t\t\t<div class=\"elementor-widget-container\">\n\t\t\t\t\t\t\t<p>A new service delivery model was implemented in 2021 which included a Child and Youth Support Specialist whose role is to provide immediate and ongoing case management and support to those who attend Koala Place.<\/p>\t\t\t\t\t\t<\/div>\n\t\t\t\t<\/div>\n\t\t\t\t<div class=\"elementor-element elementor-element-c2582cb elementor-widget elementor-widget-text-editor\" data-id=\"c2582cb\" data-element_type=\"widget\" data-widget_type=\"text-editor.default\">\n\t\t\t\t<div class=\"elementor-widget-container\">\n\t\t\t\t\t\t\t<p>When a person is victimized by a crime, they often feel helpless and vulnerable. Furthermore, it can be quite overwhelming when several services become involved during this time.\u00a0 The Child and Youth Support Specialist\u2019s aim is to minimize this as much as possible by ensuring that appropriate services are offered at the first point of contact with the police. The position supports children and youth and their families while they manage the impact of trauma alongside a continuum of services.<\/p><p>More specifically, the Child and Youth Support Specialist offers to complete referrals, provides information, reading materials, as well as emotional support.\u00a0<\/p><p>Nous esp\u00e9rons r\u00e9duire le stress et l\u2019anxi\u00e9t\u00e9 des victimes et des t\u00e9moins ainsi que des personnes qui s\u2019occupent d\u2019eux en leur offrant un soutien \u00e9motionnel, en les mettant en contact avec les ressources communautaires, et en agissant comme point de contact constant au cours de l\u2019enqu\u00eate et de la proc\u00e9dure judiciaire, en veillant \u00e0 ce qu\u2019une approche globale soit utilis\u00e9e pour mieux les servir.<\/p>\t\t\t\t\t\t<\/div>\n\t\t\t\t<\/div>\n\t\t\t\t\t<\/div>\n\t\t<\/div>\n\t\t\t\t\t<\/div>\n\t\t<\/section>\n\t\t\t\t<\/div>","protected":false},"excerpt":{"rendered":"<p>How does it work? A new service delivery model was implemented in 2021 which included a Child and Youth Support Specialist whose role is to provide immediate and ongoing case management and support to those who attend Koala Place. When a person is victimized by a crime, they often feel helpless and vulnerable. Furthermore, it&#8230;<\/p>","protected":false},"author":1,"featured_media":0,"parent":0,"menu_order":0,"comment_status":"closed","ping_status":"closed","template":"","meta":{"footnotes":""},"class_list":["post-987963","page","type-page","status-publish","hentry"],"_links":{"self":[{"href":"https:\/\/koalaplace.ca\/fr\/wp-json\/wp\/v2\/pages\/987963","targetHints":{"allow":["GET"]}}],"collection":[{"href":"https:\/\/koalaplace.ca\/fr\/wp-json\/wp\/v2\/pages"}],"about":[{"href":"https:\/\/koalaplace.ca\/fr\/wp-json\/wp\/v2\/types\/page"}],"author":[{"embeddable":true,"href":"https:\/\/koalaplace.ca\/fr\/wp-json\/wp\/v2\/users\/1"}],"replies":[{"embeddable":true,"href":"https:\/\/koalaplace.ca\/fr\/wp-json\/wp\/v2\/comments?post=987963"}],"version-history":[{"count":10,"href":"https:\/\/koalaplace.ca\/fr\/wp-json\/wp\/v2\/pages\/987963\/revisions"}],"predecessor-version":[{"id":988802,"href":"https:\/\/koalaplace.ca\/fr\/wp-json\/wp\/v2\/pages\/987963\/revisions\/988802"}],"wp:attachment":[{"href":"https:\/\/koalaplace.ca\/fr\/wp-json\/wp\/v2\/media?parent=987963"}],"curies":[{"name":"wp","href":"https:\/\/api.w.org\/{rel}","templated":true}]}}