{"id":1048,"date":"2020-01-20T00:57:52","date_gmt":"2020-01-20T00:57:52","guid":{"rendered":"https:\/\/skole.vamtam.com\/?page_id=1048"},"modified":"2024-10-08T13:36:37","modified_gmt":"2024-10-08T17:36:37","slug":"board-of-directors","status":"publish","type":"page","link":"https:\/\/koalaplace.ca\/fr\/board-of-directors\/","title":{"rendered":"Conseil d\u2019administration"},"content":{"rendered":"<div class=\"vgblk-rw-wrapper limit-wrapper\">\n<h1>Conseil d\u2019administration<\/h1>\n<p><img decoding=\"async\" src=\"https:\/\/koalaplace.ca\/wp-content\/uploads\/2022\/11\/koala-color-1.svg\" alt=\"\" width=\"157\" height=\"145\" \/><\/p>\n<p>Le Conseil d\u2019administration de la Place Koala est responsable de la surveillance financi\u00e8re et strat\u00e9gique de l\u2019organisation.  Ce Conseil d\u2019administration constitu\u00e9 de membres b\u00e9n\u00e9voles est compos\u00e9 de dirigeants de la communaut\u00e9 et de repr\u00e9sentants des organismes partenaires.<\/p>\n<h3>Rapports Annuels<\/h3>\n<ul>\n<li>\u00c0 venir!<\/li>\n<\/ul>\n<h3>Comit\u00e9 Ex\u00e9cutif :<\/h3>\n<ul>\n<li>Chad Maxwell, <em>Chair<\/em><\/li>\n<li>Lee-Ann O\u2019Brien, <em>Vice-chair<\/em><\/li>\n<li>Patti Gauley, <i>Treasurer<\/i><\/li>\n<li>Kim Gill,\u00a0<em>Secretary<\/em><\/li>\n<\/ul>\n<h3>Directeurs :<\/h3>\n<ul>\n<li>Suzanne Farag<\/li>\n<li>Kim Gill<\/li>\n<li>Francine Rivette-Legue<\/li>\n<li>Megan Laroche<\/li>\n<li>Etienne Thauvette<\/li>\n<\/ul>\n<h3>Personne-Ressources :<\/h3>\n<ul>\n<li>Fr. Claude Thibault<\/li>\n<\/ul>\n<\/div>\n<p><!-- .vgblk-rw-wrapper --><\/p>","protected":false},"excerpt":{"rendered":"<p>Board of Directors The Koala Place Board of Directors is responsible for the financial and strategic oversight of the organization. This volunteer board is made up of community leaders and representatives from partner agencies. Annual Reports Coming Soon! Executive Members Chad Maxwell, Chair Lee-Ann O\u2019Brien, Vice-chair Patti Gauley, Treasurer Kim Gill,\u00a0Secretary Directors Suzanne Farag Kim&#8230;<\/p>","protected":false},"author":1,"featured_media":0,"parent":0,"menu_order":0,"comment_status":"closed","ping_status":"closed","template":"","meta":{"footnotes":""},"class_list":["post-1048","page","type-page","status-publish","hentry"],"_links":{"self":[{"href":"https:\/\/koalaplace.ca\/fr\/wp-json\/wp\/v2\/pages\/1048","targetHints":{"allow":["GET"]}}],"collection":[{"href":"https:\/\/koalaplace.ca\/fr\/wp-json\/wp\/v2\/pages"}],"about":[{"href":"https:\/\/koalaplace.ca\/fr\/wp-json\/wp\/v2\/types\/page"}],"author":[{"embeddable":true,"href":"https:\/\/koalaplace.ca\/fr\/wp-json\/wp\/v2\/users\/1"}],"replies":[{"embeddable":true,"href":"https:\/\/koalaplace.ca\/fr\/wp-json\/wp\/v2\/comments?post=1048"}],"version-history":[{"count":10,"href":"https:\/\/koalaplace.ca\/fr\/wp-json\/wp\/v2\/pages\/1048\/revisions"}],"predecessor-version":[{"id":988761,"href":"https:\/\/koalaplace.ca\/fr\/wp-json\/wp\/v2\/pages\/1048\/revisions\/988761"}],"wp:attachment":[{"href":"https:\/\/koalaplace.ca\/fr\/wp-json\/wp\/v2\/media?parent=1048"}],"curies":[{"name":"wp","href":"https:\/\/api.w.org\/{rel}","templated":true}]}}